{"id":1106,"date":"2023-12-02T23:47:16","date_gmt":"2023-12-02T23:47:16","guid":{"rendered":"https:\/\/www.salvarchirasoria.com\/?page_id=1106"},"modified":"2023-12-06T11:17:19","modified_gmt":"2023-12-06T11:17:19","slug":"arte-postal","status":"publish","type":"page","link":"https:\/\/www.salvarchirasoria.com\/index.php\/arte-postal\/","title":{"rendered":"ARTE POSTAL"},"content":{"rendered":"\n\n\n<figure class=\"wp-block-image size-large\"><img decoding=\"async\" width=\"1024\" height=\"1024\" src=\"https:\/\/www.salvarchirasoria.com\/wp-content\/uploads\/2023\/12\/2-GENERAL-FACE-1024x1024.jpg\" alt=\"\" class=\"wp-image-1119\" srcset=\"https:\/\/www.salvarchirasoria.com\/wp-content\/uploads\/2023\/12\/2-GENERAL-FACE-1024x1024.jpg 1024w, https:\/\/www.salvarchirasoria.com\/wp-content\/uploads\/2023\/12\/2-GENERAL-FACE-300x300.jpg 300w, https:\/\/www.salvarchirasoria.com\/wp-content\/uploads\/2023\/12\/2-GENERAL-FACE-150x150.jpg 150w, https:\/\/www.salvarchirasoria.com\/wp-content\/uploads\/2023\/12\/2-GENERAL-FACE-768x768.jpg 768w, https:\/\/www.salvarchirasoria.com\/wp-content\/uploads\/2023\/12\/2-GENERAL-FACE-1536x1536.jpg 1536w, https:\/\/www.salvarchirasoria.com\/wp-content\/uploads\/2023\/12\/2-GENERAL-FACE.jpg 1800w\" sizes=\"(max-width: 1024px) 100vw, 1024px\" \/><\/figure>\n\n\n\n<figure class=\"wp-block-image size-large\"><img decoding=\"async\" width=\"724\" height=\"1024\" src=\"https:\/\/www.salvarchirasoria.com\/wp-content\/uploads\/2023\/12\/1-ARTE-POSTAL-INGLES-724x1024.jpg\" alt=\"\" class=\"wp-image-1121\" srcset=\"https:\/\/www.salvarchirasoria.com\/wp-content\/uploads\/2023\/12\/1-ARTE-POSTAL-INGLES-724x1024.jpg 724w, https:\/\/www.salvarchirasoria.com\/wp-content\/uploads\/2023\/12\/1-ARTE-POSTAL-INGLES-212x300.jpg 212w, https:\/\/www.salvarchirasoria.com\/wp-content\/uploads\/2023\/12\/1-ARTE-POSTAL-INGLES-768x1086.jpg 768w, https:\/\/www.salvarchirasoria.com\/wp-content\/uploads\/2023\/12\/1-ARTE-POSTAL-INGLES-1086x1536.jpg 1086w, https:\/\/www.salvarchirasoria.com\/wp-content\/uploads\/2023\/12\/1-ARTE-POSTAL-INGLES-1448x2048.jpg 1448w, https:\/\/www.salvarchirasoria.com\/wp-content\/uploads\/2023\/12\/1-ARTE-POSTAL-INGLES-scaled.jpg 1810w\" sizes=\"(max-width: 724px) 100vw, 724px\" \/><\/figure>\n\n\n\n<figure class=\"wp-block-image size-large\"><img decoding=\"async\" width=\"1024\" height=\"540\" src=\"https:\/\/www.salvarchirasoria.com\/wp-content\/uploads\/2023\/12\/ENTRADA-1-1024x540.jpg\" alt=\"\" class=\"wp-image-1107\" srcset=\"https:\/\/www.salvarchirasoria.com\/wp-content\/uploads\/2023\/12\/ENTRADA-1-1024x540.jpg 1024w, https:\/\/www.salvarchirasoria.com\/wp-content\/uploads\/2023\/12\/ENTRADA-1-300x158.jpg 300w, https:\/\/www.salvarchirasoria.com\/wp-content\/uploads\/2023\/12\/ENTRADA-1-768x405.jpg 768w, https:\/\/www.salvarchirasoria.com\/wp-content\/uploads\/2023\/12\/ENTRADA-1-1536x810.jpg 1536w, https:\/\/www.salvarchirasoria.com\/wp-content\/uploads\/2023\/12\/ENTRADA-1-2048x1080.jpg 2048w\" sizes=\"(max-width: 1024px) 100vw, 1024px\" \/><\/figure>\n\n\n\n<p class=\"has-medium-font-size\">La Plataforma Salvar Chira \u2013 Soria, Barranco de Arguinegu\u00edn \/ Gran Canaria.&nbsp; Invita a creativos de todo el mundo y a quienes quieran incorporarse a la iniciativa a participar en la convocatoria de arte postal.<\/p>\n\n\n\n<p class=\"has-medium-font-size\"><strong>\u201cEL PAISAJE Y SU DESTRUCCI\u00d3N\u201d<\/strong><\/p>\n\n\n\n<p class=\"has-medium-font-size\">Todas las obras recibidas formar\u00e1n parte de los archivos de La Plataforma SALVAR CHIRA-SORIA. Qui\u00e9n podr\u00e1 organizar una exposici\u00f3n con ellas en el lugar que se anunciar\u00e1 oportunamente.<\/p>\n\n\n\n<p class=\"has-medium-font-size\">Env\u00eda tus postales con tem\u00e1tica, que puedes crear con los materiales y t\u00e9cnica que quieras, y en las que puedes intervenir libremente.<\/p>\n\n\n\n<p class=\"has-medium-font-size\">| no dinero | no selecci\u00f3n* | no jurado | no devoluci\u00f3n |<\/p>\n\n\n\n<p class=\"has-medium-font-size\">*Siempre que se ajuste al tema<\/p>\n\n\n\n<p class=\"has-medium-font-size\">Dirigido: a artistas, dise\u00f1adores y p\u00fablico en general.<\/p>\n\n\n\n<p class=\"has-medium-font-size\">Tama\u00f1o: m\u00e1ximo DIN A4 (297 x 210 mm)<\/p>\n\n\n\n<p class=\"has-medium-font-size\">Env\u00edo: POR CORREO POSTAL (no se aceptar\u00e1n postales enviadas por otros medios). Con sello postal de manera tradicional o en un sobre con la direcci\u00f3n de entrega<\/p>\n\n\n\n<p class=\"has-medium-font-size\">(NO SE ADMITIR\u00c1 NING\u00daN ENV\u00cdOSIN MATASELLOS)<\/p>\n\n\n\n<p class=\"has-medium-font-size\">Los trabajos se ir\u00e1n publicando en el Facebook de la PLATAFORMA<\/p>\n\n\n\n<p class=\"has-medium-font-size\">DIRECCI\u00d3N DE ENV\u00cdO:<\/p>\n\n\n\n<p class=\"has-medium-font-size\">\u00ad\u00ad\u00ad\u00ad\u00ad\u00ad\u00ad____________________________________________________________<\/p>\n\n\n\n<p class=\"has-medium-font-size\"><a><strong>PSCS<\/strong><\/a><\/p>\n\n\n\n<p class=\"has-medium-font-size\"><strong>C\/ Juncal de Tejeda 24. Tejeda<\/strong><\/p>\n\n\n\n<p class=\"has-medium-font-size\"><strong>35360 Las Palmas de Gran Canaria, Espa\u00f1a<\/strong><\/p>\n\n\n\n<p class=\"has-medium-font-size\">____________________________________________________________<\/p>\n\n\n\n<p class=\"has-medium-font-size\">Soporte: libre papel, madera, metal, vidrio, vegetal, piel, piedra, materiales reciclados, tela, malla, pl\u00e1stico\u2026<\/p>\n\n\n\n<p class=\"has-medium-font-size\">T\u00e9cnica: libre escribe, dibuja, pega, corta, cose, rasga, imprime, haz collage, grabado, pinta, fotograf\u00eda\u2026 o aquello que tu imaginaci\u00f3n te impulse a crear\u2026<\/p>\n\n\n\n<p class=\"has-medium-font-size\">Identificaci\u00f3n: pon tu nombre y apellidos, direcci\u00f3n, pa\u00eds y email.<\/p>\n\n\n\n<p class=\"has-medium-font-size\">Fecha l\u00edmite: se recibir\u00e1n postales hasta el d\u00eda 6 de abril de 2024<\/p>\n\n\n\n<p class=\"has-medium-font-size\">Contacto: PLATAFORMA SALVAR CHIRA-SORIA.<\/p>\n\n\n\n<p class=\"has-medium-font-size\"><a href=\"https:\/\/www.salvarchirasoria.com\/?fbclid=IwAR0eAi4AdbFqKxclPO0l4mFpsllJi4GV-tP0lmLuxP07MmUThirFKTC-l0c\">PLATAFORMA CIUDADANA SALVAR CHIRA SORIA &gt; Salvar Chira Soria &gt; Barranco de Arguinegu\u00edn<\/a>, Gran Canaria.<\/p>\n\n\n\n<p><a href=\"https:\/\/www.facebook.com\/SalvarChira\">https:\/\/www.facebook.com\/SalvarChira<\/a><\/p>\n\n\n\n<p class=\"has-medium-font-size\"><a>CONTACTO<\/a><\/p>\n\n\n\n<p class=\"has-medium-font-size\"><a href=\"mailto:salvarchira@gmail.com\">salvarchira@gmail.com<\/a><\/p>\n\n\n\n<p class=\"has-medium-font-size\">PROPUESTA PARALELA<\/p>\n\n\n\n<p class=\"has-medium-font-size\">Hacerse una fotograf\u00eda en el momento de depositar tu env\u00edo en oficina de correos | buz\u00f3n de cprreos, y enviarla al correo electr\u00f3nico <a href=\"mailto:salvarchira@gmail.com\">salvarchira@gmail.com<\/a> para subirlas en nuestro Facebbok y\/o en en el tuyo.<\/p>\n\n\n\n<p class=\"has-medium-font-size\"><strong>BASES<\/strong><\/p>\n\n\n\n<p class=\"has-medium-font-size\">La Plataforma Salvar Chira \u2013 Soria, Barranco de Arguinegu\u00edn \/ Gran Canaria.<\/p>\n\n\n\n<p class=\"has-medium-font-size\">Invita a creativos de todo el mundo<\/p>\n\n\n\n<p class=\"has-medium-font-size\">y a quienes quieran incorporarse a la iniciativa a participar en la<\/p>\n\n\n\n<p class=\"has-medium-font-size\">convocatoria de arte postal:<\/p>\n\n\n\n<p class=\"has-medium-font-size\"><strong>\u201cEL PAISAJE Y SU DESTRUCCI\u00d3N\u201d<\/strong><\/p>\n\n\n\n<p class=\"has-medium-font-size\">Todas las obras recibidas formar\u00e1n parte de los archivos de<\/p>\n\n\n\n<p class=\"has-medium-font-size\">La Plataforma SALVAR CHIRA-SORIA. Qui\u00e9n podr\u00e1 organizar<\/p>\n\n\n\n<p class=\"has-medium-font-size\">una exposici\u00f3n con ellas en el lugar que se anunciar\u00e1 oportunamente.<\/p>\n\n\n\n<p class=\"has-medium-font-size\">Env\u00eda tus postales con tem\u00e1tica EL PAISAJE Y SU DESTRUCCI\u00d3N,<\/p>\n\n\n\n<p class=\"has-medium-font-size\">que puedes crear con los materiales y t\u00e9cnica que quieras, y en las que<\/p>\n\n\n\n<p class=\"has-medium-font-size\">puedes intervenir libremente.<\/p>\n\n\n\n<p class=\"has-medium-font-size\">| no dinero | no selecci\u00f3n | no jurado | no devoluci\u00f3n |<\/p>\n\n\n\n<p class=\"has-medium-font-size\">Dirigido: a artistas, dise\u00f1adores y p\u00fablico en general.<\/p>\n\n\n\n<p class=\"has-medium-font-size\">Tama\u00f1o: m\u00e1ximo DIN A4 (297 x 210 mm)<\/p>\n\n\n\n<p class=\"has-medium-font-size\">Env\u00edo: POR CORREO POSTAL (no se aceptar\u00e1n postales enviadas por<\/p>\n\n\n\n<p class=\"has-medium-font-size\">otros medios).<\/p>\n\n\n\n<p class=\"has-medium-font-size\">Con sello postal de manera tradicional o en un sobre con la direcci\u00f3n<\/p>\n\n\n\n<p class=\"has-medium-font-size\">(SI NO TIENE MATASELLOS, NO VALE)<\/p>\n\n\n\n<p class=\"has-medium-font-size\">Los trabajos se ir\u00e1n publicando en el Facebook de la PLATAFORMA<\/p>\n\n\n\n<p class=\"has-medium-font-size\">The Salvar Chira \u2013 Soria Platform, Barranco de Arguinegu\u00edn \/ Gran Canaria invites creatives fromallover the world and thosewhowant to join the initiative to participate in the postal art call \u201cTHE LANDSCAPE AND ITS DESTRUCTION\u201d. Allreceivedworkswillbecomepartof the archives of The SALVAR CHIRA-SORIA Platform, whichmayorganize an exhibition with them at a location to be announced in duecourse.<\/p>\n\n\n\n<p class=\"has-medium-font-size\">Send your postcards with the theme, which you can create with the materials and technique you want, and in which you can freelyintervene. | no money | no selection* | no jury | no return | *As long as itfits the theme.Addressed to: artists, designers, and the general public. Size: maximum DIN A4 (297 x 210 mm) Shipping: BY POSTAL MAIL (postcardssent by othermeanswill not be accepted). With traditional postal stamp or in an envelope with the deliveryaddress (NO SHIPMENT WITHOUT POSTMARK WILL BE ADMITTED) Support: free paper, wood, metal, glass, vegetable, skin, stone, recycledmaterials, fabric, mesh, plastic\u2026 Technique: free write, draw, stick, cut, sew, tear, print, make collage, engraving, paint, photograph\u2026 or whatever your imaginationprompts you to create\u2026 Identification: put your name and surname, address, country, and email. Deadline: postcardswill be received until April 6, 2024<\/p>\n\n\n\n<p class=\"has-medium-font-size\">ShippingAddress:<\/p>\n\n\n\n<p class=\"has-medium-font-size\">____________________________________________________________________________<\/p>\n\n\n\n<p class=\"has-medium-font-size\"><strong>PSCS<\/strong><\/p>\n\n\n\n<p class=\"has-medium-font-size\"><strong>C\/ Juncal de Tejeda 24.<\/strong><\/p>\n\n\n\n<p class=\"has-medium-font-size\"><strong>Tejeda 35360 Las Palmas de Gran Canaria, Spain<\/strong><\/p>\n\n\n\n<p class=\"has-medium-font-size\"><strong>____________________________________________________________<\/strong><\/p>\n\n\n\n<p class=\"has-medium-font-size\">Contact: SALVAR CHIRA-SORIA PLATFORM. Email: salvarchira@gmail.com Facebook: SalvarChira<\/p>\n\n\n\n<p class=\"has-medium-font-size\">In addition, there is a proposal to take a photo at the momentofdepositing your shipment at the post office | mailbox, and sendit to the email salvarchira@gmail.com to uploadthem on our Facebook and\/or yours.<\/p>\n\n\n\n<p class=\"has-medium-font-size\">Please note that there is no money, no selection, no jury, and no return. Allreceivedworkswillbecomepartof the archives of The SALVAR CHIRA-SORIA Platform, whichmayorganize an exhibition with them at a location to be announced in duecourse. The workswill be published on the PLATFORM\u2019s Facebook. Good luck! \ud83d\ude0a<\/p>\n\n\n\n<p class=\"has-medium-font-size\">The Salvar Chira \u2013 Soria Platform, Barranco de Arguinegu\u00edn \/ Gran Canaria invites creatives fromallover the world and thosewhowant to join the initiative to participate in the postal art call \u201cTHE LANDSCAPE AND ITS DESTRUCTION\u201d. Here are the details:<\/p>\n\n\n\n<p class=\"has-medium-font-size\">Theme: The landscape and itsdestruction.<\/p>\n\n\n\n<p class=\"has-medium-font-size\">Directed to: Artists, designers, and the general public.<\/p>\n\n\n\n<p class=\"has-medium-font-size\">Size: Maximum DIN A4 (297 x 210 mm).<\/p>\n\n\n\n<p class=\"has-medium-font-size\">Shipping: By postal mail (postcardssent by othermeanswill not be accepted). Must have a traditional postal stamp or in an envelope with the address (IF IT DOES NOT HAVE A POSTMARK, IT IS NOT VALID).<\/p>\n\n\n\n<p class=\"has-medium-font-size\">Support: Free (paper, wood, metal, glass, vegetable, skin, stone, recycledmaterials, fabric, mesh, plastic\u2026).<\/p>\n\n\n\n<p class=\"has-medium-font-size\">Technique: Free (write, draw, stick, cut, sew, tear, print, make collage, engraving, paint, photograph\u2026 or whatever your imaginationprompts you to create\u2026).<\/p>\n\n\n\n<p class=\"has-medium-font-size\">Identification: Put your name and surname, address, country, and email.<\/p>\n\n\n\n<p class=\"has-medium-font-size\">Deadline: Postcardswill be received until April 6, 2024.<\/p>\n\n\n\n<p class=\"has-medium-font-size\">Please note that there is no money, no selection, no jury, and no return. Allreceivedworkswillbecomepartof the archives of The SALVAR CHIRA-SORIA Platform, whichmayorganize an exhibition with them at a location to be announced in duecourse. The workswill be published on the PLATFORM\u2019s Facebook. Good luck! \ud83d\ude0a<\/p>\n","protected":false},"excerpt":{"rendered":"<p>La Plataforma Salvar Chira \u2013 Soria, Barranco de Arguinegu\u00edn \/ Gran Canaria.&nbsp; Invita a creativos de todo el mundo y a quienes quieran incorporarse a la iniciativa a participar en la convocatoria de arte postal. \u201cEL PAISAJE Y SU DESTRUCCI\u00d3N\u201d Todas las obras recibidas formar\u00e1n parte de los archivos de La Plataforma SALVAR CHIRA-SORIA. Qui\u00e9n [&hellip;]<\/p>\n","protected":false},"author":3,"featured_media":0,"parent":0,"menu_order":0,"comment_status":"closed","ping_status":"closed","template":"","meta":{"footnotes":""},"class_list":["post-1106","page","type-page","status-publish","hentry","entry"],"_links":{"self":[{"href":"https:\/\/www.salvarchirasoria.com\/index.php\/wp-json\/wp\/v2\/pages\/1106","targetHints":{"allow":["GET"]}}],"collection":[{"href":"https:\/\/www.salvarchirasoria.com\/index.php\/wp-json\/wp\/v2\/pages"}],"about":[{"href":"https:\/\/www.salvarchirasoria.com\/index.php\/wp-json\/wp\/v2\/types\/page"}],"author":[{"embeddable":true,"href":"https:\/\/www.salvarchirasoria.com\/index.php\/wp-json\/wp\/v2\/users\/3"}],"replies":[{"embeddable":true,"href":"https:\/\/www.salvarchirasoria.com\/index.php\/wp-json\/wp\/v2\/comments?post=1106"}],"version-history":[{"count":2,"href":"https:\/\/www.salvarchirasoria.com\/index.php\/wp-json\/wp\/v2\/pages\/1106\/revisions"}],"predecessor-version":[{"id":1123,"href":"https:\/\/www.salvarchirasoria.com\/index.php\/wp-json\/wp\/v2\/pages\/1106\/revisions\/1123"}],"wp:attachment":[{"href":"https:\/\/www.salvarchirasoria.com\/index.php\/wp-json\/wp\/v2\/media?parent=1106"}],"curies":[{"name":"wp","href":"https:\/\/api.w.org\/{rel}","templated":true}]}}