{"id":270,"date":"2021-04-29T11:15:32","date_gmt":"2021-04-29T11:15:32","guid":{"rendered":"https:\/\/www.salvarchirasoria.com\/?page_id=270"},"modified":"2021-05-04T18:43:25","modified_gmt":"2021-05-04T18:43:25","slug":"medio-marino","status":"publish","type":"page","link":"https:\/\/www.salvarchirasoria.com\/index.php\/medio-marino\/","title":{"rendered":"1. MEDIO MARINO"},"content":{"rendered":"\n<figure class=\"wp-block-image size-large\"><img decoding=\"async\" width=\"780\" height=\"688\" src=\"https:\/\/www.salvarchirasoria.com\/wp-content\/uploads\/2021\/04\/MEDIO-MARINO.png\" alt=\"\" class=\"wp-image-271\" srcset=\"https:\/\/www.salvarchirasoria.com\/wp-content\/uploads\/2021\/04\/MEDIO-MARINO.png 780w, https:\/\/www.salvarchirasoria.com\/wp-content\/uploads\/2021\/04\/MEDIO-MARINO-300x265.png 300w, https:\/\/www.salvarchirasoria.com\/wp-content\/uploads\/2021\/04\/MEDIO-MARINO-768x677.png 768w\" sizes=\"(max-width: 780px) 100vw, 780px\" \/><\/figure>\n\n\n\n<figure class=\"wp-block-image size-large\"><img decoding=\"async\" width=\"1024\" height=\"355\" src=\"https:\/\/www.salvarchirasoria.com\/wp-content\/uploads\/2021\/04\/MEDIO-MARINO-TEXTO-1024x355.png\" alt=\"\" class=\"wp-image-272\" srcset=\"https:\/\/www.salvarchirasoria.com\/wp-content\/uploads\/2021\/04\/MEDIO-MARINO-TEXTO-1024x355.png 1024w, https:\/\/www.salvarchirasoria.com\/wp-content\/uploads\/2021\/04\/MEDIO-MARINO-TEXTO-300x104.png 300w, https:\/\/www.salvarchirasoria.com\/wp-content\/uploads\/2021\/04\/MEDIO-MARINO-TEXTO-768x266.png 768w, https:\/\/www.salvarchirasoria.com\/wp-content\/uploads\/2021\/04\/MEDIO-MARINO-TEXTO.png 1224w\" sizes=\"(max-width: 1024px) 100vw, 1024px\" \/><\/figure>\n\n\n\n<figure class=\"wp-block-image size-large\"><img decoding=\"async\" width=\"564\" height=\"512\" src=\"https:\/\/www.salvarchirasoria.com\/wp-content\/uploads\/2021\/04\/MEDIO-MARINO-TEXTO-E-IMAGEN.png\" alt=\"\" class=\"wp-image-273\" srcset=\"https:\/\/www.salvarchirasoria.com\/wp-content\/uploads\/2021\/04\/MEDIO-MARINO-TEXTO-E-IMAGEN.png 564w, https:\/\/www.salvarchirasoria.com\/wp-content\/uploads\/2021\/04\/MEDIO-MARINO-TEXTO-E-IMAGEN-300x272.png 300w\" sizes=\"(max-width: 564px) 100vw, 564px\" \/><\/figure>\n\n\n\n<h2 class=\"wp-block-heading\">A) ALTERACI\u00d3N DE LAS CARACTER\u00cdSTICAS HIDROGR\u00c1FICAS Y CALIDAD DEL AGUA.&nbsp;<\/h2>\n\n\n\n<p class=\"has-medium-font-size\">La excavaci\u00f3n para la implantaci\u00f3n bajo el fondo marino de las conducciones de captaci\u00f3n y rechazo de agua marina, a unos 5 m de profundidad, puede suponer afecciones sobre la calidad del agua.&nbsp;<\/p>\n\n\n\n<p class=\"has-medium-font-size\">La instalaci\u00f3n de los tramos exteriores de las conducciones sobre el lecho marino tambi\u00e9n puede remover superficialmente el sedimento.<\/p>\n\n\n\n<p class=\"has-medium-font-size\">Los fragmentos de mayor peso y tama\u00f1o se asentar\u00e1n r\u00e1pidamente, pero las part\u00edculas finas menores pueden permanecer suspendidas un mayor tiempo, entre 24 a 48 horas, y pueden ser trasladadas por las corrientes marinas locales, creando un \u00e1rea de turbidez en la zona costera.<\/p>\n\n\n\n<p class=\"has-medium-font-size\">El empleo de embarcaciones, buzos y maquinaria para el fondeo de las conducciones aguas adentro podr\u00e1n alterar localmente las caracter\u00edsticas hidrogr\u00e1ficas de la columna de agua, as\u00ed como modificar su estructura termohalina. En caso de derrames accidentales de grasas o combustible, a estos efectos se les sumar\u00eda el vertido de sustancias contaminantes que alterar\u00edan la composici\u00f3n qu\u00edmica del agua. Todos estos efectos son temporales y permanecer\u00e1n durante el tiempo que dure las obras, que para el medio marino se estima en 3 meses.&nbsp;<\/p>\n\n\n\n<h2 class=\"wp-block-heading\">B) ALTERACI\u00d3N Y ELIMINACI\u00d3N DE COMUNIDADES BENT\u00d3NICAS.&nbsp;<\/h2>\n\n\n\n<p class=\"has-medium-font-size\">Las obras necesarias para la instalaci\u00f3n de las conducciones submarinas sobre el lecho marino (fondeo e instalaci\u00f3n de conducciones y obra de toma) pueden afectar a las comunidades bent\u00f3nicas presentes, bien por su eliminaci\u00f3n directa en las zonas ocupadas, o bien bajo las conducciones lastradas en los tramos en que discurren apoyadas sobre el fondo. <\/p>\n\n\n\n<p class=\"has-medium-font-size\">Aunque en menor medida, las especies bent\u00f3nicas m\u00e1s sensibles tambi\u00e9n pueden sufrir alteraciones asociadas a los cambios en la columna de agua que, como ya se ha descrito, tendr\u00e1n escasa incidencia debido a la naturaleza del sustrato, pero ser\u00e1n significativas. Adem\u00e1s de la cobertura vegetal, la macrofauna s\u00e9sil (moluscos bivalvos, por ejemplo) y la de escasa movilidad (erizos, estrellas de mar, etc.) ser\u00e1n los elementos de las comunidades bent\u00f3nicas m\u00e1s afectados.&nbsp;<\/p>\n\n\n\n<h2 class=\"wp-block-heading\">C) MOLESTIAS A ESPECIES PEL\u00c1GICAS.<\/h2>\n\n\n\n<p class=\"has-medium-font-size\">Las especies pel\u00e1gicas m\u00e1s sensibles que pueden verse afectadas por el Proyecto son cet\u00e1ceos y tortugas marinas, comunes en las aguas del \u00e1mbito, sobre todo en verano, en zonas cercanas a la costa; as\u00ed como algunas especies \u00edcticas de inter\u00e9s comercial como el dorado, la lubina o la sama zapata.&nbsp;<\/p>\n\n\n\n<p class=\"has-medium-font-size\">Por otro lado, los t\u00fanidos son especies muy sensibles a los cambios en la columna de agua, sobre todo al aumento de turbidez, que puede llevarlos a modificar su ruta migratoria.&nbsp;<\/p>\n\n\n\n<h2 class=\"wp-block-heading\">D) AFECCI\u00d3N A ESPECIES PROTEGIDAS.<\/h2>\n\n\n\n<p class=\"has-medium-font-size\">Entre las especies protegidas que pudieran verse afectadas figuran Cymodocea nodosa y Laurencia viridis, entre la flora, y el delf\u00edn mular (Tursiops truncatus), el calder\u00f3n tropical (Globicephala macrorhynchus) y la tortuga boba (Caretta caretta).<\/p>\n\n\n\n<figure class=\"wp-block-image size-large\"><img decoding=\"async\" width=\"767\" height=\"1024\" src=\"https:\/\/www.salvarchirasoria.com\/wp-content\/uploads\/2021\/04\/ESPECIES-MEDIO-MARINO-767x1024.png\" alt=\"\" class=\"wp-image-276\" srcset=\"https:\/\/www.salvarchirasoria.com\/wp-content\/uploads\/2021\/04\/ESPECIES-MEDIO-MARINO-767x1024.png 767w, https:\/\/www.salvarchirasoria.com\/wp-content\/uploads\/2021\/04\/ESPECIES-MEDIO-MARINO-225x300.png 225w, https:\/\/www.salvarchirasoria.com\/wp-content\/uploads\/2021\/04\/ESPECIES-MEDIO-MARINO-768x1026.png 768w, https:\/\/www.salvarchirasoria.com\/wp-content\/uploads\/2021\/04\/ESPECIES-MEDIO-MARINO-1150x1536.png 1150w, https:\/\/www.salvarchirasoria.com\/wp-content\/uploads\/2021\/04\/ESPECIES-MEDIO-MARINO.png 1198w\" sizes=\"(max-width: 767px) 100vw, 767px\" \/><\/figure>\n\n\n\n<h2 class=\"wp-block-heading\">E) ALTERACI\u00d3N DE H\u00c1BITATS DE INTER\u00c9S COMUNITARIO.<\/h2>\n\n\n\n<figure class=\"wp-block-image size-large\"><img decoding=\"async\" width=\"728\" height=\"620\" src=\"https:\/\/www.salvarchirasoria.com\/wp-content\/uploads\/2021\/04\/FRANJA-MARIANA-MOGAN-ZEC.png\" alt=\"\" class=\"wp-image-278\" srcset=\"https:\/\/www.salvarchirasoria.com\/wp-content\/uploads\/2021\/04\/FRANJA-MARIANA-MOGAN-ZEC.png 728w, https:\/\/www.salvarchirasoria.com\/wp-content\/uploads\/2021\/04\/FRANJA-MARIANA-MOGAN-ZEC-300x255.png 300w\" sizes=\"(max-width: 728px) 100vw, 728px\" \/><\/figure>\n\n\n\n<figure class=\"wp-block-image size-large\"><img decoding=\"async\" width=\"888\" height=\"826\" src=\"https:\/\/www.salvarchirasoria.com\/wp-content\/uploads\/2021\/04\/VALORACION-COMUNIDADES-BENTONICAS.png\" alt=\"\" class=\"wp-image-279\" srcset=\"https:\/\/www.salvarchirasoria.com\/wp-content\/uploads\/2021\/04\/VALORACION-COMUNIDADES-BENTONICAS.png 888w, https:\/\/www.salvarchirasoria.com\/wp-content\/uploads\/2021\/04\/VALORACION-COMUNIDADES-BENTONICAS-300x279.png 300w, https:\/\/www.salvarchirasoria.com\/wp-content\/uploads\/2021\/04\/VALORACION-COMUNIDADES-BENTONICAS-768x714.png 768w\" sizes=\"(max-width: 888px) 100vw, 888px\" \/><\/figure>\n","protected":false},"excerpt":{"rendered":"<p>A) ALTERACI\u00d3N DE LAS CARACTER\u00cdSTICAS HIDROGR\u00c1FICAS Y CALIDAD DEL AGUA.&nbsp; La excavaci\u00f3n para la implantaci\u00f3n bajo el fondo marino de las conducciones de captaci\u00f3n y rechazo de agua marina, a unos 5 m de profundidad, puede suponer afecciones sobre la calidad del agua.&nbsp; La instalaci\u00f3n de los tramos exteriores de las conducciones sobre el lecho [&hellip;]<\/p>\n","protected":false},"author":3,"featured_media":0,"parent":0,"menu_order":0,"comment_status":"closed","ping_status":"closed","template":"","meta":{"footnotes":""},"class_list":["post-270","page","type-page","status-publish","hentry","entry"],"_links":{"self":[{"href":"https:\/\/www.salvarchirasoria.com\/index.php\/wp-json\/wp\/v2\/pages\/270","targetHints":{"allow":["GET"]}}],"collection":[{"href":"https:\/\/www.salvarchirasoria.com\/index.php\/wp-json\/wp\/v2\/pages"}],"about":[{"href":"https:\/\/www.salvarchirasoria.com\/index.php\/wp-json\/wp\/v2\/types\/page"}],"author":[{"embeddable":true,"href":"https:\/\/www.salvarchirasoria.com\/index.php\/wp-json\/wp\/v2\/users\/3"}],"replies":[{"embeddable":true,"href":"https:\/\/www.salvarchirasoria.com\/index.php\/wp-json\/wp\/v2\/comments?post=270"}],"version-history":[{"count":9,"href":"https:\/\/www.salvarchirasoria.com\/index.php\/wp-json\/wp\/v2\/pages\/270\/revisions"}],"predecessor-version":[{"id":391,"href":"https:\/\/www.salvarchirasoria.com\/index.php\/wp-json\/wp\/v2\/pages\/270\/revisions\/391"}],"wp:attachment":[{"href":"https:\/\/www.salvarchirasoria.com\/index.php\/wp-json\/wp\/v2\/media?parent=270"}],"curies":[{"name":"wp","href":"https:\/\/api.w.org\/{rel}","templated":true}]}}