{"id":300,"date":"2021-04-29T12:06:48","date_gmt":"2021-04-29T12:06:48","guid":{"rendered":"https:\/\/www.salvarchirasoria.com\/?page_id=300"},"modified":"2021-05-07T17:07:41","modified_gmt":"2021-05-07T17:07:41","slug":"vegetacion-y-flora","status":"publish","type":"page","link":"https:\/\/www.salvarchirasoria.com\/index.php\/vegetacion-y-flora\/","title":{"rendered":"4.2. VEGETACI\u00d3N Y FLORA"},"content":{"rendered":"\n<h2 class=\"has-medium-font-size wp-block-heading\">A) ALTERACI\u00d3N DE LA ESTRUCTURA DE LAS FORMACIONES VEGETALES<\/h2>\n\n\n\n<p class=\"has-medium-font-size\">Los principales efectos sobre la vegetaci\u00f3n natural en fase de construcci\u00f3n se producir\u00e1n como consecuencia de su eliminaci\u00f3n por tala o enterramiento, durante la ejecuci\u00f3n de los caminos de nuevo trazado, la conducci\u00f3n de impulsi\u00f3n de agua desalada y del anexo a la GC-505 del barranco de Arguinegu\u00edn, los dep\u00f3sitos de inertes, las zonas de ocupaci\u00f3n temporal, las plataformas necesarias para las instalaciones, etc.&nbsp;<\/p>\n\n\n\n<h2 class=\"has-medium-font-size wp-block-heading\">B) DA\u00d1OS A LA FLORA AMENAZADA<\/h2>\n\n\n\n<p class=\"has-medium-font-size\">En el entorno del Proyecto est\u00e1n citados 6 taxones catalogados como amenazados (de acuerdo con los cat\u00e1logos canario y nacional, y la directiva h\u00e1bitats). Estas especies, cuyos requerimientos mesol\u00f3gicos y estado de conservaci\u00f3n de sus poblaciones se recogen en el inventario de detalle del presente estudio, est\u00e1n considerados como: en Peligro de Extinci\u00f3n (Dracaena tamaranae),\u00a0Vulnerables (Cheirolophus arbutifolius y Salix canariensis), de Inter\u00e9s para los Ecosistemas Canarios (Limonium preauxii y Teline rosmarinifolia) y de Protecci\u00f3n Especial (Vicia filicaulis). Potencialmente, varias de las actuaciones necesarias durante la construcci\u00f3n del Proyecto pueden representar da\u00f1os directos a ejemplares de especies amenazadas, y en consecuencia el menoscabo de sus poblaciones.\u00a0<\/p>\n\n\n\n<h2 class=\"wp-block-heading\">C) FRAGMENTACI\u00d3N DE LAS MASAS ARBOLADAS&nbsp;<\/h2>\n\n\n\n<p class=\"has-medium-font-size\">Por las caracter\u00edsticas de los elementos a construir y del espacio donde se proyectan, tan solo las l\u00edneas el\u00e9ctricas podr\u00edan generar efectos relacionados con la fragmentaci\u00f3n de las masas arboladas, y ello vinculado a la necesidad de apertura de calles de seguridad, tanto en las soluciones soterradas como a\u00e9reas.&nbsp;<\/p>\n\n\n\n<figure class=\"wp-block-image size-large\"><img decoding=\"async\" width=\"1024\" height=\"1021\" src=\"https:\/\/www.salvarchirasoria.com\/wp-content\/uploads\/2021\/04\/VEGETACION-Y-FLORA-1024x1021.png\" alt=\"\" class=\"wp-image-306\" srcset=\"https:\/\/www.salvarchirasoria.com\/wp-content\/uploads\/2021\/04\/VEGETACION-Y-FLORA-1024x1021.png 1024w, https:\/\/www.salvarchirasoria.com\/wp-content\/uploads\/2021\/04\/VEGETACION-Y-FLORA-300x300.png 300w, https:\/\/www.salvarchirasoria.com\/wp-content\/uploads\/2021\/04\/VEGETACION-Y-FLORA-150x150.png 150w, https:\/\/www.salvarchirasoria.com\/wp-content\/uploads\/2021\/04\/VEGETACION-Y-FLORA-768x766.png 768w, https:\/\/www.salvarchirasoria.com\/wp-content\/uploads\/2021\/04\/VEGETACION-Y-FLORA.png 1344w\" sizes=\"(max-width: 1024px) 100vw, 1024px\" \/><\/figure>\n\n\n\n<p><\/p>\n","protected":false},"excerpt":{"rendered":"<p>A) ALTERACI\u00d3N DE LA ESTRUCTURA DE LAS FORMACIONES VEGETALES Los principales efectos sobre la vegetaci\u00f3n natural en fase de construcci\u00f3n se producir\u00e1n como consecuencia de su eliminaci\u00f3n por tala o enterramiento, durante la ejecuci\u00f3n de los caminos de nuevo trazado, la conducci\u00f3n de impulsi\u00f3n de agua desalada y del anexo a la GC-505 del barranco [&hellip;]<\/p>\n","protected":false},"author":3,"featured_media":0,"parent":0,"menu_order":0,"comment_status":"closed","ping_status":"closed","template":"","meta":{"footnotes":""},"class_list":["post-300","page","type-page","status-publish","hentry","entry"],"_links":{"self":[{"href":"https:\/\/www.salvarchirasoria.com\/index.php\/wp-json\/wp\/v2\/pages\/300","targetHints":{"allow":["GET"]}}],"collection":[{"href":"https:\/\/www.salvarchirasoria.com\/index.php\/wp-json\/wp\/v2\/pages"}],"about":[{"href":"https:\/\/www.salvarchirasoria.com\/index.php\/wp-json\/wp\/v2\/types\/page"}],"author":[{"embeddable":true,"href":"https:\/\/www.salvarchirasoria.com\/index.php\/wp-json\/wp\/v2\/users\/3"}],"replies":[{"embeddable":true,"href":"https:\/\/www.salvarchirasoria.com\/index.php\/wp-json\/wp\/v2\/comments?post=300"}],"version-history":[{"count":6,"href":"https:\/\/www.salvarchirasoria.com\/index.php\/wp-json\/wp\/v2\/pages\/300\/revisions"}],"predecessor-version":[{"id":454,"href":"https:\/\/www.salvarchirasoria.com\/index.php\/wp-json\/wp\/v2\/pages\/300\/revisions\/454"}],"wp:attachment":[{"href":"https:\/\/www.salvarchirasoria.com\/index.php\/wp-json\/wp\/v2\/media?parent=300"}],"curies":[{"name":"wp","href":"https:\/\/api.w.org\/{rel}","templated":true}]}}