{"id":308,"date":"2021-04-29T12:16:05","date_gmt":"2021-04-29T12:16:05","guid":{"rendered":"https:\/\/www.salvarchirasoria.com\/?page_id=308"},"modified":"2021-05-06T23:08:46","modified_gmt":"2021-05-06T23:08:46","slug":"afeccion-a-fauna","status":"publish","type":"page","link":"https:\/\/www.salvarchirasoria.com\/index.php\/afeccion-a-fauna\/","title":{"rendered":"4.1. AFECCI\u00d3N A FAUNA"},"content":{"rendered":"\n<figure class=\"wp-block-video\"><video height=\"480\" style=\"aspect-ratio: 854 \/ 480;\" width=\"854\" controls src=\"https:\/\/www.salvarchirasoria.com\/wp-content\/uploads\/2021\/05\/VID-20210403-WA0003-1.mp4\"><\/video><\/figure>\n\n\n\n<figure class=\"wp-block-video\"><video height=\"480\" style=\"aspect-ratio: 854 \/ 480;\" width=\"854\" controls src=\"https:\/\/www.salvarchirasoria.com\/wp-content\/uploads\/2021\/05\/VID-20210405-WA0012-1.mp4\"><\/video><\/figure>\n\n\n\n<h2 class=\"wp-block-heading\">EN PELIGRO DE EXTINCI\u00d3N\u00a0<\/h2>\n\n\n\n<div class=\"wp-block-columns is-layout-flex wp-container-core-columns-is-layout-9d6595d7 wp-block-columns-is-layout-flex\">\n<div class=\"wp-block-column is-layout-flow wp-block-column-is-layout-flow\" style=\"flex-basis:100%\">\n<ul class=\"has-medium-font-size wp-block-list\"><li>Pimelia de las arenas (Pimelia granulicollis).&nbsp;<\/li><li>Halc\u00f3n tagarote (Falco pelegrinoides pelegrinoides).<\/li><li>Pinz\u00f3n azul de Gran Canaria (Fringilla teydea polatzekii).<\/li><\/ul>\n<\/div>\n<\/div>\n\n\n\n<h2 class=\"wp-block-heading\">ESPECIES VULNERABLES&nbsp;<\/h2>\n\n\n\n<div class=\"wp-block-columns is-layout-flex wp-container-core-columns-is-layout-9d6595d7 wp-block-columns-is-layout-flex\">\n<div class=\"wp-block-column is-layout-flow wp-block-column-is-layout-flow\" style=\"flex-basis:100%\">\n<ul class=\"has-medium-font-size wp-block-list\"><li>Cigarr\u00f3n palo de Gran Canaria (Acrostira tamarani).&nbsp;<\/li><li>Tajose (Puffinus assimilis baroli).&nbsp;<\/li><li>Guincho (Pandion haliaetus).<\/li><\/ul>\n<\/div>\n<\/div>\n\n\n\n<h2 class=\"has-medium-font-size wp-block-heading\">OTRAS ESPECIES DE INTER\u00c9S<\/h2>\n\n\n\n<div class=\"wp-block-columns is-layout-flex wp-container-core-columns-is-layout-9d6595d7 wp-block-columns-is-layout-flex\">\n<div class=\"wp-block-column is-layout-flow wp-block-column-is-layout-flow\" style=\"flex-basis:100%\">\n<ul class=\"has-medium-font-size wp-block-list\"><li>Picapinos de Gran Canaria (Dendrocopos major thanneri).&nbsp;<\/li><li>Camachuelo trompetero (Bucanetes githagineus amantum).&nbsp;<\/li><li>Murci\u00e9lago de monta\u00f1a (Hypsugo savii).&nbsp;<\/li><\/ul>\n<\/div>\n<\/div>\n\n\n\n<h2 class=\"wp-block-heading\">LAGARTO GIGANTE DE GRAN CANARIA Y LA LISA<\/h2>\n\n\n\n<p class=\"has-medium-font-size\">Las voladuras necesarias para la apertura del t\u00fanel de acceso principal a la central y las conducciones de Chira y Soria pueden producir alteraciones en el h\u00e1bitat rup\u00edcola de la zona, fundamentalmente en la fase inicial de las mismas. Estas alteraciones van a ocasionar una p\u00e9rdida neta en la disponibilidad de este tipo de h\u00e1bitat para la fauna local, especialmente del murci\u00e9lago de monta\u00f1a, el lagarto de Gran Canaria y la lisa grancanaria.<\/p>\n\n\n\n<figure class=\"wp-block-image size-large\"><img decoding=\"async\" width=\"724\" height=\"1024\" src=\"https:\/\/www.salvarchirasoria.com\/wp-content\/uploads\/2021\/04\/FAUNA-AMENAZADA-724x1024.png\" alt=\"\" class=\"wp-image-311\" srcset=\"https:\/\/www.salvarchirasoria.com\/wp-content\/uploads\/2021\/04\/FAUNA-AMENAZADA-724x1024.png 724w, https:\/\/www.salvarchirasoria.com\/wp-content\/uploads\/2021\/04\/FAUNA-AMENAZADA-212x300.png 212w, https:\/\/www.salvarchirasoria.com\/wp-content\/uploads\/2021\/04\/FAUNA-AMENAZADA-768x1086.png 768w, https:\/\/www.salvarchirasoria.com\/wp-content\/uploads\/2021\/04\/FAUNA-AMENAZADA-1086x1536.png 1086w, https:\/\/www.salvarchirasoria.com\/wp-content\/uploads\/2021\/04\/FAUNA-AMENAZADA.png 1131w\" sizes=\"(max-width: 724px) 100vw, 724px\" \/><\/figure>\n\n\n\n<figure class=\"wp-block-image size-large\"><img decoding=\"async\" width=\"724\" height=\"1024\" src=\"https:\/\/www.salvarchirasoria.com\/wp-content\/uploads\/2021\/04\/ESPECIES-VULNERABLES-724x1024.png\" alt=\"\" class=\"wp-image-312\" srcset=\"https:\/\/www.salvarchirasoria.com\/wp-content\/uploads\/2021\/04\/ESPECIES-VULNERABLES-724x1024.png 724w, https:\/\/www.salvarchirasoria.com\/wp-content\/uploads\/2021\/04\/ESPECIES-VULNERABLES-212x300.png 212w, https:\/\/www.salvarchirasoria.com\/wp-content\/uploads\/2021\/04\/ESPECIES-VULNERABLES-768x1086.png 768w, https:\/\/www.salvarchirasoria.com\/wp-content\/uploads\/2021\/04\/ESPECIES-VULNERABLES-1086x1536.png 1086w, https:\/\/www.salvarchirasoria.com\/wp-content\/uploads\/2021\/04\/ESPECIES-VULNERABLES.png 1131w\" sizes=\"(max-width: 724px) 100vw, 724px\" \/><\/figure>\n\n\n\n<figure class=\"wp-block-image size-large\"><img decoding=\"async\" width=\"724\" height=\"1024\" src=\"https:\/\/www.salvarchirasoria.com\/wp-content\/uploads\/2021\/04\/OTRAS-ESPECIES-DE-INTERES-724x1024.png\" alt=\"\" class=\"wp-image-313\" srcset=\"https:\/\/www.salvarchirasoria.com\/wp-content\/uploads\/2021\/04\/OTRAS-ESPECIES-DE-INTERES-724x1024.png 724w, https:\/\/www.salvarchirasoria.com\/wp-content\/uploads\/2021\/04\/OTRAS-ESPECIES-DE-INTERES-212x300.png 212w, https:\/\/www.salvarchirasoria.com\/wp-content\/uploads\/2021\/04\/OTRAS-ESPECIES-DE-INTERES-768x1086.png 768w, https:\/\/www.salvarchirasoria.com\/wp-content\/uploads\/2021\/04\/OTRAS-ESPECIES-DE-INTERES-1086x1536.png 1086w, https:\/\/www.salvarchirasoria.com\/wp-content\/uploads\/2021\/04\/OTRAS-ESPECIES-DE-INTERES.png 1131w\" sizes=\"(max-width: 724px) 100vw, 724px\" \/><\/figure>\n\n\n\n<figure class=\"wp-block-image size-large\"><img decoding=\"async\" width=\"724\" height=\"1024\" src=\"https:\/\/www.salvarchirasoria.com\/wp-content\/uploads\/2021\/04\/LAGARTO-Y-LISA-GC-724x1024.png\" alt=\"\" class=\"wp-image-314\" srcset=\"https:\/\/www.salvarchirasoria.com\/wp-content\/uploads\/2021\/04\/LAGARTO-Y-LISA-GC-724x1024.png 724w, https:\/\/www.salvarchirasoria.com\/wp-content\/uploads\/2021\/04\/LAGARTO-Y-LISA-GC-212x300.png 212w, https:\/\/www.salvarchirasoria.com\/wp-content\/uploads\/2021\/04\/LAGARTO-Y-LISA-GC-768x1086.png 768w, https:\/\/www.salvarchirasoria.com\/wp-content\/uploads\/2021\/04\/LAGARTO-Y-LISA-GC-1086x1536.png 1086w, https:\/\/www.salvarchirasoria.com\/wp-content\/uploads\/2021\/04\/LAGARTO-Y-LISA-GC.png 1131w\" sizes=\"(max-width: 724px) 100vw, 724px\" \/><\/figure>\n","protected":false},"excerpt":{"rendered":"<p>EN PELIGRO DE EXTINCI\u00d3N\u00a0 Pimelia de las arenas (Pimelia granulicollis).&nbsp; Halc\u00f3n tagarote (Falco pelegrinoides pelegrinoides). Pinz\u00f3n azul de Gran Canaria (Fringilla teydea polatzekii). ESPECIES VULNERABLES&nbsp; Cigarr\u00f3n palo de Gran Canaria (Acrostira tamarani).&nbsp; Tajose (Puffinus assimilis baroli).&nbsp; Guincho (Pandion haliaetus). OTRAS ESPECIES DE INTER\u00c9S Picapinos de Gran Canaria (Dendrocopos major thanneri).&nbsp; Camachuelo trompetero (Bucanetes githagineus amantum).&nbsp; [&hellip;]<\/p>\n","protected":false},"author":3,"featured_media":0,"parent":0,"menu_order":0,"comment_status":"closed","ping_status":"closed","template":"","meta":{"footnotes":""},"class_list":["post-308","page","type-page","status-publish","hentry","entry"],"_links":{"self":[{"href":"https:\/\/www.salvarchirasoria.com\/index.php\/wp-json\/wp\/v2\/pages\/308","targetHints":{"allow":["GET"]}}],"collection":[{"href":"https:\/\/www.salvarchirasoria.com\/index.php\/wp-json\/wp\/v2\/pages"}],"about":[{"href":"https:\/\/www.salvarchirasoria.com\/index.php\/wp-json\/wp\/v2\/types\/page"}],"author":[{"embeddable":true,"href":"https:\/\/www.salvarchirasoria.com\/index.php\/wp-json\/wp\/v2\/users\/3"}],"replies":[{"embeddable":true,"href":"https:\/\/www.salvarchirasoria.com\/index.php\/wp-json\/wp\/v2\/comments?post=308"}],"version-history":[{"count":7,"href":"https:\/\/www.salvarchirasoria.com\/index.php\/wp-json\/wp\/v2\/pages\/308\/revisions"}],"predecessor-version":[{"id":452,"href":"https:\/\/www.salvarchirasoria.com\/index.php\/wp-json\/wp\/v2\/pages\/308\/revisions\/452"}],"wp:attachment":[{"href":"https:\/\/www.salvarchirasoria.com\/index.php\/wp-json\/wp\/v2\/media?parent=308"}],"curies":[{"name":"wp","href":"https:\/\/api.w.org\/{rel}","templated":true}]}}