{"id":341,"date":"2021-04-30T00:20:54","date_gmt":"2021-04-30T00:20:54","guid":{"rendered":"https:\/\/www.salvarchirasoria.com\/?page_id=341"},"modified":"2021-05-04T18:56:37","modified_gmt":"2021-05-04T18:56:37","slug":"elementos-territoriales","status":"publish","type":"page","link":"https:\/\/www.salvarchirasoria.com\/index.php\/elementos-territoriales\/","title":{"rendered":"3. MEDIO F\u00cdSICO TERRESTRE"},"content":{"rendered":"\n<figure class=\"wp-block-image size-large\"><img decoding=\"async\" width=\"588\" height=\"964\" src=\"https:\/\/www.salvarchirasoria.com\/wp-content\/uploads\/2021\/04\/200-KM2-AFECTADOS-1.png\" alt=\"\" class=\"wp-image-380\" srcset=\"https:\/\/www.salvarchirasoria.com\/wp-content\/uploads\/2021\/04\/200-KM2-AFECTADOS-1.png 588w, https:\/\/www.salvarchirasoria.com\/wp-content\/uploads\/2021\/04\/200-KM2-AFECTADOS-1-183x300.png 183w\" sizes=\"(max-width: 588px) 100vw, 588px\" \/><\/figure>\n\n\n\n<h2 class=\"wp-block-heading\">INERTES<\/h2>\n\n\n\n<p class=\"has-medium-font-size\">Las excavaciones y perforaciones no tendr\u00e1n un efecto directo sobre la morfolog\u00eda del terreno, al producirse de forma subterr\u00e1nea y no afectar a la topograf\u00eda bajo la que se ejecutar\u00e1n. No obstante, conllevar\u00e1n la generaci\u00f3n de materiales excedentes, eminentemente p\u00e9treos, que indirectamente producir\u00e1n un impacto sobre la morfolog\u00eda del terreno, al ser reubicados en los dep\u00f3sitos de inertes seleccionados.&nbsp;<\/p>\n\n\n\n<h2 class=\"wp-block-heading\">VIBRACIONES<\/h2>\n\n\n\n<p class=\"has-medium-font-size\">Asimismo, durante las voladuras parte de la energ\u00eda producida se liberar\u00e1 en forma de vibraciones, con una afecci\u00f3n sobre el subsuelo dif\u00edcil de determinar.&nbsp;<\/p>\n\n\n\n<h2 class=\"wp-block-heading\">INCREMENTO DE LOS RIESGOS GEOL\u00d3GICOS (DERRUMBES)<\/h2>\n\n\n\n<p class=\"has-medium-font-size\">La ocurrencia de riesgos geol\u00f3gicos puede incrementarse como consecuencia de las vibraciones generadas en los trabajos de excavaci\u00f3n y perforaci\u00f3n. Gran parte del \u00e1mbito presenta una susceptibilidad a movimientos de ladera moderada, siendo alta en el 13,5% de su superficie. Estas zonas de mayor riesgo son los fondos de barrancos, incluido el de Arguinegu\u00edn, por ser donde se acumular\u00edan los derrubios y materiales deslizados, as\u00ed como las laderas m\u00e1s empinadas, donde los desprendimientos son relativamente frecuentes. Asimismo, los movimientos de tierras previstos pueden generar deslizamientos accidentales en zonas de pendiente moderada o alta sobre suelos poco coherentes. Los enclaves donde puede incrementarse este riesgo por acci\u00f3n del Proyecto son los caminos a ejecutar o acondicionar en el sector septentrional del \u00e1mbito, los dep\u00f3sitos de inertes y los puntos de construcci\u00f3n de apoyos y accesos de las l\u00edneas el\u00e9ctricas&nbsp;&nbsp;&nbsp;<\/p>\n\n\n\n<p class=\"has-medium-font-size\">&nbsp;&nbsp;&nbsp;&nbsp;<\/p>\n\n\n\n<div class=\"wp-block-media-text alignwide is-stacked-on-mobile\"><figure class=\"wp-block-media-text__media\"><img decoding=\"async\" width=\"496\" height=\"764\" src=\"https:\/\/www.salvarchirasoria.com\/wp-content\/uploads\/2021\/04\/INERTES-IMPACTO-AMBIENTAL-3.png\" alt=\"\" class=\"wp-image-381 size-full\" srcset=\"https:\/\/www.salvarchirasoria.com\/wp-content\/uploads\/2021\/04\/INERTES-IMPACTO-AMBIENTAL-3.png 496w, https:\/\/www.salvarchirasoria.com\/wp-content\/uploads\/2021\/04\/INERTES-IMPACTO-AMBIENTAL-3-195x300.png 195w\" sizes=\"(max-width: 496px) 100vw, 496px\" \/><\/figure><div class=\"wp-block-media-text__content\">\n<p class=\"has-medium-font-size\">En total se ha estimado que para la soluci\u00f3n del Proyecto Modificado II se generar\u00e1 un total de 521.571 m3 de excedentes netos, es decir una vez se haya reutilizado todo el material para rellenos, de los cuales 113.237 m3 se generar\u00e1n en los frentes de excavaci\u00f3n de la zona superior o de Chira y 408.334 m3 en los frentes de excavaci\u00f3n de la zona inferior o de Soria (y del barranco de Arguinegu\u00edn).&nbsp;<\/p>\n\n\n\n<p class=\"has-medium-font-size\">Teniendo en cuenta el esponjamiento de estos materiales al ser vertidos, el material sobrante final ser\u00e1 de en torno a 666.427,37 m3 . LOS INERTES&nbsp; En total se ha estimado que para la soluci\u00f3n del Proyecto Modificado II se generar\u00e1 un total de 521.571 m3 de excedentes netos, es decir una vez se haya reutilizado todo el material para rellenos, de los cuales 113.237 m3 se generar\u00e1n en los frentes de excavaci\u00f3n de la zona superior o de Chira y 408.334 m3 en los frentes de excavaci\u00f3n de la zona inferior o de Soria (y del barranco de Arguinegu\u00edn).&nbsp;<\/p>\n\n\n\n<p class=\"has-medium-font-size\">Teniendo en cuenta el esponjamiento de estos materiales al ser vertidos, el material sobrante final ser\u00e1 de en torno a 666.427,37 m3 .&nbsp; &nbsp;<\/p>\n<\/div><\/div>\n","protected":false},"excerpt":{"rendered":"<p>INERTES Las excavaciones y perforaciones no tendr\u00e1n un efecto directo sobre la morfolog\u00eda del terreno, al producirse de forma subterr\u00e1nea y no afectar a la topograf\u00eda bajo la que se ejecutar\u00e1n. No obstante, conllevar\u00e1n la generaci\u00f3n de materiales excedentes, eminentemente p\u00e9treos, que indirectamente producir\u00e1n un impacto sobre la morfolog\u00eda del terreno, al ser reubicados en [&hellip;]<\/p>\n","protected":false},"author":3,"featured_media":0,"parent":0,"menu_order":0,"comment_status":"closed","ping_status":"closed","template":"","meta":{"footnotes":""},"class_list":["post-341","page","type-page","status-publish","hentry","entry"],"_links":{"self":[{"href":"https:\/\/www.salvarchirasoria.com\/index.php\/wp-json\/wp\/v2\/pages\/341","targetHints":{"allow":["GET"]}}],"collection":[{"href":"https:\/\/www.salvarchirasoria.com\/index.php\/wp-json\/wp\/v2\/pages"}],"about":[{"href":"https:\/\/www.salvarchirasoria.com\/index.php\/wp-json\/wp\/v2\/types\/page"}],"author":[{"embeddable":true,"href":"https:\/\/www.salvarchirasoria.com\/index.php\/wp-json\/wp\/v2\/users\/3"}],"replies":[{"embeddable":true,"href":"https:\/\/www.salvarchirasoria.com\/index.php\/wp-json\/wp\/v2\/comments?post=341"}],"version-history":[{"count":6,"href":"https:\/\/www.salvarchirasoria.com\/index.php\/wp-json\/wp\/v2\/pages\/341\/revisions"}],"predecessor-version":[{"id":394,"href":"https:\/\/www.salvarchirasoria.com\/index.php\/wp-json\/wp\/v2\/pages\/341\/revisions\/394"}],"wp:attachment":[{"href":"https:\/\/www.salvarchirasoria.com\/index.php\/wp-json\/wp\/v2\/media?parent=341"}],"curies":[{"name":"wp","href":"https:\/\/api.w.org\/{rel}","templated":true}]}}