{"id":353,"date":"2021-04-30T00:46:04","date_gmt":"2021-04-30T00:46:04","guid":{"rendered":"https:\/\/www.salvarchirasoria.com\/?page_id=353"},"modified":"2021-05-09T09:40:46","modified_gmt":"2021-05-09T09:40:46","slug":"7-elementos-territoriales","status":"publish","type":"page","link":"https:\/\/www.salvarchirasoria.com\/index.php\/7-elementos-territoriales\/","title":{"rendered":"7. ELEMENTOS TERRITORIALES"},"content":{"rendered":"\n<div class=\"wp-block-media-text alignwide is-stacked-on-mobile\"><figure class=\"wp-block-media-text__media\"><img decoding=\"async\" width=\"692\" height=\"996\" src=\"https:\/\/www.salvarchirasoria.com\/wp-content\/uploads\/2021\/04\/ELEMENTOS-TERRITORIALES-1.png\" alt=\"\" class=\"wp-image-354 size-full\" srcset=\"https:\/\/www.salvarchirasoria.com\/wp-content\/uploads\/2021\/04\/ELEMENTOS-TERRITORIALES-1.png 692w, https:\/\/www.salvarchirasoria.com\/wp-content\/uploads\/2021\/04\/ELEMENTOS-TERRITORIALES-1-208x300.png 208w\" sizes=\"(max-width: 692px) 100vw, 692px\" \/><\/figure><div class=\"wp-block-media-text__content\">\n<p class=\"has-medium-font-size\">AFECCIONES DEL PROYECTO CHIRA SORIA A LA RED NATURA 2000.<\/p>\n\n\n\n<p class=\"has-medium-font-size\">Tal como reconoce el Estudio de Imacto Ambiental elaborado por REE,\u00a0 el Proyecto afecta a espacios Red Natura 2000 localizados en la isla de Gran Canaria, concretamente: vertidos de 2700m\u00b3 de salmuera en la ZEC Franja Marina de Mog\u00e1n (ES7010017).\u00a0<\/p>\n\n\n\n<p class=\"has-medium-font-size\">El resto de los impactos de la obra se dan a lo largo de 30 km de un barranco y como consecuencia de la instalaci\u00f3n de tuber\u00edas, pistas, vertidos de inertes, estaciones de bombeo y de lineas de alta tensi\u00f3n(LAT) y media tensi\u00f3n(LMT) que afectan a especies protegidas por la directiva aves :&nbsp;<\/p>\n\n\n\n<ul class=\"has-medium-font-size wp-block-list\"><li>ZEC Macizo de Tauro II (ES7011004).<\/li><li>ZEC y ZEPA Tauro(ES0000113).<\/li><li>ZEC El Nublo II (ES7010039).<\/li><li>ZEPA Ayagaures y Pilancones (ES0000110).<\/li><\/ul>\n<\/div><\/div>\n","protected":false},"excerpt":{"rendered":"<p>AFECCIONES DEL PROYECTO CHIRA SORIA A LA RED NATURA 2000. Tal como reconoce el Estudio de Imacto Ambiental elaborado por REE,\u00a0 el Proyecto afecta a espacios Red Natura 2000 localizados en la isla de Gran Canaria, concretamente: vertidos de 2700m\u00b3 de salmuera en la ZEC Franja Marina de Mog\u00e1n (ES7010017).\u00a0 El resto de los impactos [&hellip;]<\/p>\n","protected":false},"author":3,"featured_media":0,"parent":0,"menu_order":0,"comment_status":"closed","ping_status":"closed","template":"","meta":{"footnotes":""},"class_list":["post-353","page","type-page","status-publish","hentry","entry"],"_links":{"self":[{"href":"https:\/\/www.salvarchirasoria.com\/index.php\/wp-json\/wp\/v2\/pages\/353","targetHints":{"allow":["GET"]}}],"collection":[{"href":"https:\/\/www.salvarchirasoria.com\/index.php\/wp-json\/wp\/v2\/pages"}],"about":[{"href":"https:\/\/www.salvarchirasoria.com\/index.php\/wp-json\/wp\/v2\/types\/page"}],"author":[{"embeddable":true,"href":"https:\/\/www.salvarchirasoria.com\/index.php\/wp-json\/wp\/v2\/users\/3"}],"replies":[{"embeddable":true,"href":"https:\/\/www.salvarchirasoria.com\/index.php\/wp-json\/wp\/v2\/comments?post=353"}],"version-history":[{"count":3,"href":"https:\/\/www.salvarchirasoria.com\/index.php\/wp-json\/wp\/v2\/pages\/353\/revisions"}],"predecessor-version":[{"id":471,"href":"https:\/\/www.salvarchirasoria.com\/index.php\/wp-json\/wp\/v2\/pages\/353\/revisions\/471"}],"wp:attachment":[{"href":"https:\/\/www.salvarchirasoria.com\/index.php\/wp-json\/wp\/v2\/media?parent=353"}],"curies":[{"name":"wp","href":"https:\/\/api.w.org\/{rel}","templated":true}]}}