{"id":53,"date":"2021-04-20T03:15:19","date_gmt":"2021-04-20T03:15:19","guid":{"rendered":"https:\/\/www.salvarchirasoria.com\/?page_id=53"},"modified":"2021-11-05T10:59:56","modified_gmt":"2021-11-05T10:59:56","slug":"informe-de-salud-publica","status":"publish","type":"page","link":"https:\/\/www.salvarchirasoria.com\/index.php\/informe-de-salud-publica\/","title":{"rendered":"INFORME DE SALUD P\u00daBLICA"},"content":{"rendered":"\n<figure class=\"wp-block-video\"><video height=\"368\" style=\"aspect-ratio: 640 \/ 368;\" width=\"640\" controls src=\"https:\/\/www.salvarchirasoria.com\/wp-content\/uploads\/2021\/04\/Video-explicacion-del-informe-de-Salud-1.mp4\"><\/video><\/figure>\n\n\n\n<p class=\"has-black-color has-white-background-color has-text-color has-background has-medium-font-size\">La Plataforma Salvar Chira-Soria denuncia que se est\u00e1n ocultando a la poblaci\u00f3n del Barranco de Arguinegu\u00edn; tras tener conocimiento de un informe de la Direcci\u00f3n General de&nbsp;Salud&nbsp;P\u00fablica, los efectos sobre la&nbsp;salud&nbsp;de las personas que se podr\u00e1n ver afectadas por el proyecto de la Central Hidroel\u00e9ctrica de bombeo Chira-Soria; en el que se confirma que el Barranco se convertir\u00e1 en un infierno para sus 2500 habitantes.<\/p>\n\n\n\n<p class=\"has-black-color has-white-background-color has-text-color has-background has-medium-font-size\">En este informe se concluyen unas afecciones inadmisibles para la poblaci\u00f3n del Barranco de Arguinegu\u00edn, tanto durante la fase de construcci\u00f3n como de funcionamiento de la Central Hidroel\u00e9ctrica; afirm\u00e1ndose que \u201cla magnitud de la obra y operaciones a realizar, con un tiempo previsto de seis a\u00f1os, que probablemente se multiplicar\u00e1 por 2 o por 3, producir\u00eda un impacto significativo en la cotidianidad y calidad de vida de las personas que residen en el \u00e1rea de influencia\u201d.<\/p>\n\n\n\n<p class=\"has-black-color has-white-background-color has-text-color has-background has-medium-font-size\">Se describe como la obra afectar\u00e1 a cuestiones como la movilidad, \u201cya que muchas de ellos son n\u00facleos que dependen de una \u00fanica v\u00eda de acceso a los domicilios y a su medio de vida; adem\u00e1s las obras generar\u00e1n molestias derivadas de las exposici\u00f3n al ruido, al polvo, a las vibraciones junto a un impacto visual significativo y la posibilidad de afectar su&nbsp;salud\u201d. Y a\u00f1ade \u201c a ello hay que sumar la emisi\u00f3n de gases de combusti\u00f3n por la maquinaria pesada y otros dispositivos, compuestos nitrogenados o clorados durante las voladuras, part\u00edculas en suspensi\u00f3n y compuestos org\u00e1nicos vol\u00e1tiles por el uso de materiales bituminosos en la ejecuci\u00f3n de viarios y plataformas, o de hexafluoruro de azufre (SF6)\u201d.<\/p>\n\n\n\n<p class=\"has-black-color has-white-background-color has-text-color has-background has-medium-font-size\">Otro efecto de la obras que&nbsp;Salud&nbsp;P\u00fablica&nbsp;es la emisi\u00f3n de ruido y vibraciones como consecuencias de las voladuras, la excavaci\u00f3n en la central y en los t\u00faneles proyectados que a su vez requieren potentes sistemas de ventilaci\u00f3n, por el funcionamiento de la maquinaria pesada y trasiego de veh\u00edculos entre otros, \u201c la magnitud de este impacto en la poblaci\u00f3n ser\u00eda tal que no ser\u00eda suficiente la distancia para su aminoraci\u00f3n debido a la cercan\u00eda de las zonas sensibles, no pudi\u00e9ndose cumplir con los umbrales de ruido contenidos en la normativa vigente\u201d.<\/p>\n\n\n\n<p class=\"has-black-color has-white-background-color has-text-color has-background has-medium-font-size\">Reconoce el informe una posible afectaci\u00f3n de la calidad del agua del mar por las obras para el emisario y el inmisario, por la turbidez por el movimiento de fondos y la posibilidad de derrame de contaminantes en los fondos marinos. \u201cen el caso del impacto en las aguas continentales, se ver\u00edan afectadas las playa de Santa \u00c1gueda y Arguinegu\u00edn cuyo periodo estimado ser\u00eda muy prolongado por lo que no se puede minimizar el car\u00e1cter negativo y significativo de todos estos impactos\u201d.<\/p>\n\n\n\n<p class=\"has-black-color has-white-background-color has-text-color has-background has-medium-font-size\">Se afirma que los vecinos sufr\u00edan un aislamiento durante a\u00f1os por la limitaciones al acceso por carretera a servicios sanitarios y otro tipo de servicios en las poblaciones y se aborda las alteraciones del paisaje y en la morfolog\u00eda del entorno del entorno y los m\u00e1rgenes de los embalses de Soria y Chira, adem\u00e1s del fondo del barranco de Arguinegu\u00edn.<\/p>\n\n\n\n<p class=\"has-black-color has-white-background-color has-text-color has-background has-medium-font-size\">Asimismo destaca como significativos los efectos de la instalaci\u00f3n de l\u00edneas para el transporte de electricidad y la alteraciones de varios barrancos y barranquillos, suponiendo un incremento del riesgo de avenidas e inundaciones.<\/p>\n\n\n\n<p class=\"has-black-color has-white-background-color has-text-color has-background has-medium-font-size\">Los da\u00f1os mencionados tambi\u00e9n afectar\u00edan a excursionistas, al disfrute de zonas recreativas y tur\u00edsticas (alrededores de las presas, Barranco de Arguinegu\u00edn) y a los terrenos destinados al cultivo.<\/p>\n\n\n\n<p class=\"has-black-color has-white-background-color has-text-color has-background has-medium-font-size\">Asimismo se menciona \u201cel uso de explosivos, problemas de seguridad vial, desplazamiento de rocas y avalanchas de tierras, ruido y el riesgo el\u00e9ctrico y de accidentes en general\u201d.<\/p>\n\n\n\n<p class=\"has-black-color has-white-background-color has-text-color has-background has-medium-font-size\">En la fase de funcionamiento seguir\u00e1n existir\u00e1n riesgos para la&nbsp;salud&nbsp;de car\u00e1cter indirecto as\u00ed como afecciones al bienestar de las personas. La ocupaci\u00f3n del suelo por infraestructuras asociadas en el Barranco de Arguinegu\u00edn, los tendidos el\u00e9ctricos con la generaci\u00f3n de ruido y la emisi\u00f3n de campos electromagn\u00e9ticos, la posibilidad de vertidos de la salmuera o de contaminantes de la EDAM y su circuito en masas de agua subterr\u00e1neas y superficiales, la generaci\u00f3n de ruido por la EDAM y los sistemas de ventilaci\u00f3n, son algunos ejemplos.<\/p>\n\n\n\n<p class=\"has-black-color has-white-background-color has-text-color has-background has-medium-font-size\">Las instalaciones permanentes del Proyecto conllevar\u00e1n el sellado y la ocupaci\u00f3n definitiva de aproximadamente 27,5 ha de suelo, y el propio titular considera que este es un impacto significativo por la magnitud de superficie ocupada, adem\u00e1s este impacto ser\u00e1 permanente e irreversible.<\/p>\n\n\n\n<p class=\"has-text-align-left has-black-color has-white-background-color has-text-color has-background has-medium-font-size\">Se van a producir impactos en el paisaje, relacionados con las torres el\u00e9ctricas, y la EDAM con sus instalaciones auxiliares. Seg\u00fan el informe los impactos de car\u00e1cter significativo sobre el medio ambiente que el proyecto producir\u00eda en la fase de funcionamiento ser\u00edan las l\u00edneas el\u00e9ctricas, la alteraci\u00f3n de la calidad del agua de mar asociado al efluente de la desaladora; la ocupaci\u00f3n del suelo: extensa, permanente e irreversible, el impacto visual de elementos al\u00f3ctonos, que afectar\u00eda a todo el \u00e1mbito de la instalaci\u00f3n y elementos auxiliares.<\/p>\n\n\n\n<p class=\"has-text-align-left has-black-color has-white-background-color has-text-color has-background has-medium-font-size\">El \u00f3rgano sustantivo y el ambiental debieran considerar tambi\u00e9n que esta instalaci\u00f3n, con sus anejos y su \u00e1rea de influencia ser\u00edan de gran envergadura en cuanto a superficie insular afectada, e introducir\u00edan cambios en el ecosistema muy significativos, algunos de ellos de car\u00e1cter permanente, severo e irreversible.<\/p>\n\n\n\n<p class=\"has-text-align-left has-black-color has-white-background-color has-text-color has-background has-medium-font-size\">Salud&nbsp;P\u00fablica&nbsp;recomienda informar comunicaci\u00f3n reales y efectivas con los agentes implicados y especialmente con las personas y poblaciones afectadas, esto es, informar sobre el proyecto, informar sobre las actuaciones a realizar en sus \u00e1mbitos respectivos y sobre las medidas de protecci\u00f3n contempladas para preservar su&nbsp;salud&nbsp;y calidad de vida. Asimismo, escuchar y evaluar en cada caso, las propuestas que puedan realizar los afectados para que puedan ser incorporadas.<\/p>\n\n\n\n<p class=\"has-text-align-left has-black-color has-white-background-color has-text-color has-background has-medium-font-size\">Seg\u00fan Salvar Chira-Soria lejos de informar a la poblaci\u00f3n el Cabildo de Gran Canaria se ha dedicado a enga\u00f1ar a la poblaci\u00f3n y a ocultar los tremendos impactos que se producir\u00edan si se llega a ejecutar el Proyecto Chira-Soria.<\/p>\n\n\n\n<p class=\"has-text-align-left has-black-color has-white-background-color has-text-color has-background has-medium-font-size\">A\u00f1ade Salvar Chira-Soria que&nbsp;salud&nbsp;p\u00fablica&nbsp;no ha podido informar sobre el riesgo que supone el nuevo uso de las presas ya que esta aspecto no se contempla en el Estudio de Impacto Ambiental a pesar de ser el m\u00e1s significativo ya que un eventual colapso de las envejecidas presas llenar\u00eda de \u201cmuertos aguas abajo\u201d el barranco de Arguinegu\u00edn.<\/p>\n\n\n\n<p class=\"has-text-align-left has-black-color has-white-background-color has-text-color has-background has-medium-font-size\">Si quieres descargarte el <strong>INFORME SOBRE EL POTENCIAL IMPACTO EN LA SALUD DE LA CENTRAL HIDROEL\u00c9CTRICA DE BOMBEO CHIRA-SORIA<\/strong>, puedes hacerlo a trav\u00e9s del documento que te adjuntamos a continuaci\u00f3n o entrando en <a href=\"https:\/\/sede.gobcan.es\/sede\/verifica_doc\" target=\"_blank\" rel=\"noreferrer noopener\">https:\/\/sede.gobcan.es\/sede\/verifica_doc<\/a> e introduciendo la referencia digital 0ouBAU6AyfFqkOl8ALTUoLdwieQ3E6Kuz<\/p>\n\n\n\n<div class=\"wp-block-file\"><a href=\"https:\/\/www.salvarchirasoria.com\/wp-content\/uploads\/2021\/04\/importante_Informe-de-la-DG-Salud-Publica-1.pdf\" target=\"_blank\" rel=\"noreferrer noopener\">importante_Informe-de-la-DG-Salud-Publica-1<\/a><a href=\"https:\/\/www.salvarchirasoria.com\/wp-content\/uploads\/2021\/04\/importante_Informe-de-la-DG-Salud-Publica-1.pdf\" class=\"wp-block-file__button\" download>Descarga<\/a><\/div>\n\n\n\n<figure class=\"wp-block-image size-large\"><img decoding=\"async\" src=\"https:\/\/1.bp.blogspot.com\/-ZkM5uqCbdbY\/YGHJPrTM4qI\/AAAAAAAAARM\/RWR6WqOfeN0JzTl6ZlckcLJzf_e3i58agCLcBGAsYHQ\/s916\/salud%2Bpublica_1.png\" alt=\"\"\/><\/figure>\n\n\n\n<figure class=\"wp-block-image size-large\"><img decoding=\"async\" src=\"https:\/\/1.bp.blogspot.com\/-ctr5cNfgTOA\/YGHJYShNuOI\/AAAAAAAAARQ\/v6kMl3gE9EY5AG1olaJwcNPnQhqatsC2gCLcBGAsYHQ\/s848\/salud%2Bpublica_2.png\" alt=\"\"\/><\/figure>\n\n\n\n<figure class=\"wp-block-image size-large\"><img decoding=\"async\" src=\"https:\/\/1.bp.blogspot.com\/-BnQ1UvEeiN4\/YGHJaLsZ-9I\/AAAAAAAAARU\/qfz1fc4Pzm8qa0NIZ5X3N_Khp_otzB2rwCLcBGAsYHQ\/s868\/salud%2Bpublica_3.png\" alt=\"\"\/><\/figure>\n\n\n\n<figure class=\"wp-block-image size-large\"><img decoding=\"async\" src=\"https:\/\/1.bp.blogspot.com\/-CfLuiyBA2HE\/YGHJbWV1dKI\/AAAAAAAAARY\/n0-lIzYaB3YErkUqtKc5N4qh4J0t_VoMgCLcBGAsYHQ\/s866\/salud%2Bpublica_4.png\" alt=\"\"\/><\/figure>\n\n\n\n<figure class=\"wp-block-image size-large\"><img decoding=\"async\" src=\"https:\/\/1.bp.blogspot.com\/-YxAuI3ICtqY\/YGHJdilCW9I\/AAAAAAAAARc\/BKmx9wAXmHMNSndIGo_uvX3MD76Ozj2JACLcBGAsYHQ\/s834\/salud%2Bpublica_5.png\" alt=\"\"\/><\/figure>\n\n\n\n<figure class=\"wp-block-image size-large\"><img decoding=\"async\" src=\"https:\/\/1.bp.blogspot.com\/-y15l9XJM1q4\/YGHJe_t24mI\/AAAAAAAAARg\/Ua2fH5c3HSI9PA8Cv8knZWwSBFwX7N49QCLcBGAsYHQ\/s872\/salud%2Bpublica_6.png\" alt=\"\"\/><\/figure>\n\n\n\n<figure class=\"wp-block-image size-large\"><img decoding=\"async\" src=\"https:\/\/1.bp.blogspot.com\/-y15l9XJM1q4\/YGHJe_t24mI\/AAAAAAAAARg\/Ua2fH5c3HSI9PA8Cv8knZWwSBFwX7N49QCLcBGAsYHQ\/s872\/salud%2Bpublica_6.png\" alt=\"\"\/><\/figure>\n","protected":false},"excerpt":{"rendered":"<p>La Plataforma Salvar Chira-Soria denuncia que se est\u00e1n ocultando a la poblaci\u00f3n del Barranco de Arguinegu\u00edn; tras tener conocimiento de un informe de la Direcci\u00f3n General de&nbsp;Salud&nbsp;P\u00fablica, los efectos sobre la&nbsp;salud&nbsp;de las personas que se podr\u00e1n ver afectadas por el proyecto de la Central Hidroel\u00e9ctrica de bombeo Chira-Soria; en el que se confirma que el [&hellip;]<\/p>\n","protected":false},"author":2,"featured_media":135,"parent":0,"menu_order":0,"comment_status":"closed","ping_status":"closed","template":"","meta":{"footnotes":""},"class_list":["post-53","page","type-page","status-publish","has-post-thumbnail","hentry","entry","has-media"],"_links":{"self":[{"href":"https:\/\/www.salvarchirasoria.com\/index.php\/wp-json\/wp\/v2\/pages\/53","targetHints":{"allow":["GET"]}}],"collection":[{"href":"https:\/\/www.salvarchirasoria.com\/index.php\/wp-json\/wp\/v2\/pages"}],"about":[{"href":"https:\/\/www.salvarchirasoria.com\/index.php\/wp-json\/wp\/v2\/types\/page"}],"author":[{"embeddable":true,"href":"https:\/\/www.salvarchirasoria.com\/index.php\/wp-json\/wp\/v2\/users\/2"}],"replies":[{"embeddable":true,"href":"https:\/\/www.salvarchirasoria.com\/index.php\/wp-json\/wp\/v2\/comments?post=53"}],"version-history":[{"count":20,"href":"https:\/\/www.salvarchirasoria.com\/index.php\/wp-json\/wp\/v2\/pages\/53\/revisions"}],"predecessor-version":[{"id":786,"href":"https:\/\/www.salvarchirasoria.com\/index.php\/wp-json\/wp\/v2\/pages\/53\/revisions\/786"}],"wp:featuredmedia":[{"embeddable":true,"href":"https:\/\/www.salvarchirasoria.com\/index.php\/wp-json\/wp\/v2\/media\/135"}],"wp:attachment":[{"href":"https:\/\/www.salvarchirasoria.com\/index.php\/wp-json\/wp\/v2\/media?parent=53"}],"curies":[{"name":"wp","href":"https:\/\/api.w.org\/{rel}","templated":true}]}}