{"id":56,"date":"2021-04-05T13:57:40","date_gmt":"2021-04-05T13:57:40","guid":{"rendered":"https:\/\/www.salvarchirasoria.com\/?page_id=56"},"modified":"2023-12-03T00:02:37","modified_gmt":"2023-12-03T00:02:37","slug":"barranco-de-arguineguin-chira-soria","status":"publish","type":"page","link":"https:\/\/www.salvarchirasoria.com\/","title":{"rendered":"PLATAFORMA CIUDADANA SALVAR CHIRA SORIA"},"content":{"rendered":"\n<figure class=\"wp-block-video\"><video height=\"368\" style=\"aspect-ratio: 640 \/ 368;\" width=\"640\" controls src=\"https:\/\/www.salvarchirasoria.com\/wp-content\/uploads\/2021\/06\/Video-resumen-Proyecto-Chira-Soria.mp4\"><\/video><\/figure>\n\n\n\n<h2 class=\"wp-block-heading\" style=\"font-size:25px\">POR QU\u00c9 NOS OPONEMOS A LA CENTRAL de BOMBEO CHIRA SORIA<\/h2>\n\n\n\n<div data-wp-interactive=\"core\/file\" class=\"wp-block-file\"><object data-wp-bind--hidden=\"!state.hasPdfPreview\" hidden class=\"wp-block-file__embed\" data=\"https:\/\/www.salvarchirasoria.com\/wp-content\/uploads\/2021\/10\/Resumen-CHIRA-SORIA-\ud83d\udc4d.pdf\" type=\"application\/pdf\" style=\"width:100%;height:689px\" aria-label=\"Incrustado de Incrustado de Resumen-CHIRA-SORIA-\ud83d\udc4d..\"><\/object><a id=\"wp-block-file--media-c31a06d4-1713-4f87-9206-88ca0f2e6b2d\" href=\"https:\/\/www.salvarchirasoria.com\/wp-content\/uploads\/2021\/10\/Resumen-CHIRA-SORIA-\ud83d\udc4d.pdf\">Resumen-CHIRA-SORIA-\ud83d\udc4d<\/a><a href=\"https:\/\/www.salvarchirasoria.com\/wp-content\/uploads\/2021\/10\/Resumen-CHIRA-SORIA-\ud83d\udc4d.pdf\" class=\"wp-block-file__button\" download aria-describedby=\"wp-block-file--media-c31a06d4-1713-4f87-9206-88ca0f2e6b2d\">Descarga<\/a><\/div>\n\n\n\n<p><\/p>\n\n\n\n<p><\/p>\n\n\n\n<div class=\"wp-block-columns is-layout-flex wp-container-core-columns-is-layout-9d6595d7 wp-block-columns-is-layout-flex\">\n<div class=\"wp-block-column is-layout-flow wp-block-column-is-layout-flow\">\n<figure class=\"wp-block-image size-large is-resized\"><img decoding=\"async\" src=\"https:\/\/www.salvarchirasoria.com\/wp-content\/uploads\/2021\/06\/cropped-LOGO-FONDOTRANSPARENTE-1-1024x948.jpg\" alt=\"Plataforma Ciudadana Salvar Chira Barrando de Arguinegu\u00edn\" class=\"wp-image-543\" width=\"223\" height=\"206\" srcset=\"https:\/\/www.salvarchirasoria.com\/wp-content\/uploads\/2021\/06\/cropped-LOGO-FONDOTRANSPARENTE-1-1024x948.jpg 1024w, https:\/\/www.salvarchirasoria.com\/wp-content\/uploads\/2021\/06\/cropped-LOGO-FONDOTRANSPARENTE-1-300x278.jpg 300w, https:\/\/www.salvarchirasoria.com\/wp-content\/uploads\/2021\/06\/cropped-LOGO-FONDOTRANSPARENTE-1-768x711.jpg 768w, https:\/\/www.salvarchirasoria.com\/wp-content\/uploads\/2021\/06\/cropped-LOGO-FONDOTRANSPARENTE-1-1536x1422.jpg 1536w, https:\/\/www.salvarchirasoria.com\/wp-content\/uploads\/2021\/06\/cropped-LOGO-FONDOTRANSPARENTE-1.jpg 2000w\" sizes=\"(max-width: 223px) 100vw, 223px\" \/><figcaption><strong><span class=\"has-inline-color has-black-color\">Puedes encontrar comunicados de prensa, novedades y m\u00e1s informaci\u00f3n a trav\u00e9s de los distintos enlaces a las redes sociales o tambi\u00e9n accediendo al primer blog creado por la Plataforma Ciudadana Salvar Chira Soria Barranco de Arguinegu\u00edn: <\/span><\/strong><a href=\"http:\/\/www.salvarchira.com\/\" target=\"_blank\" rel=\"noreferrer noopener\">www.salvarchira.com<\/a><\/figcaption><\/figure>\n<\/div>\n\n\n\n<div class=\"wp-block-column is-layout-flow wp-block-column-is-layout-flow\">\n<figure class=\"wp-block-image size-large is-resized\"><img decoding=\"async\" src=\"https:\/\/www.salvarchirasoria.com\/wp-content\/uploads\/2021\/06\/86415471_2474458756203829_6556625184910999552_n.png\" alt=\"\" class=\"wp-image-633\" width=\"227\" height=\"227\" srcset=\"https:\/\/www.salvarchirasoria.com\/wp-content\/uploads\/2021\/06\/86415471_2474458756203829_6556625184910999552_n.png 334w, https:\/\/www.salvarchirasoria.com\/wp-content\/uploads\/2021\/06\/86415471_2474458756203829_6556625184910999552_n-300x300.png 300w, https:\/\/www.salvarchirasoria.com\/wp-content\/uploads\/2021\/06\/86415471_2474458756203829_6556625184910999552_n-150x150.png 150w\" sizes=\"(max-width: 227px) 100vw, 227px\" \/><figcaption><mark style=\"background-color:rgba(0, 0, 0, 0)\" class=\"has-inline-color has-black-color\"><strong>En el momento de constituirse, hab\u00edamos recogido m\u00e1s de 5000 firmas de adhesi\u00f3n en Change.org y desde entonces hemos recogido m\u00e1s 30.000 firmas en<\/strong> <a href=\"https:\/\/you.wemove.eu\/campaigns\/salvar-el-barranco-de-arguineguin-del-macroproyecto-hidroelectrico-de-chira-soria-save-the-ravine-of-arguineguin-from-the-macroproject-chira-soria-hydroelectric-project\" target=\"_blank\" rel=\"noreferrer noopener\">Wemove.eu<\/a>. <strong>Si quieres firmar la petici\u00f3n puedes hacerlo de forma sencilla a trav\u00e9s del enla<\/strong>ce.<\/mark><\/figcaption><\/figure>\n<\/div>\n<\/div>\n\n\n\n<p><br><\/p>\n\n\n\n<figure class=\"wp-block-image size-large is-style-rounded\"><img decoding=\"async\" width=\"1024\" height=\"768\" src=\"https:\/\/www.salvarchirasoria.com\/wp-content\/uploads\/2021\/05\/IMG-20210422-WA0083-1024x768.jpg\" alt=\"\" class=\"wp-image-416\" srcset=\"https:\/\/www.salvarchirasoria.com\/wp-content\/uploads\/2021\/05\/IMG-20210422-WA0083-1024x768.jpg 1024w, https:\/\/www.salvarchirasoria.com\/wp-content\/uploads\/2021\/05\/IMG-20210422-WA0083-300x225.jpg 300w, https:\/\/www.salvarchirasoria.com\/wp-content\/uploads\/2021\/05\/IMG-20210422-WA0083-768x576.jpg 768w, https:\/\/www.salvarchirasoria.com\/wp-content\/uploads\/2021\/05\/IMG-20210422-WA0083-1536x1152.jpg 1536w, https:\/\/www.salvarchirasoria.com\/wp-content\/uploads\/2021\/05\/IMG-20210422-WA0083.jpg 2048w\" sizes=\"(max-width: 1024px) 100vw, 1024px\" \/><\/figure>\n","protected":false},"excerpt":{"rendered":"<p>POR QU\u00c9 NOS OPONEMOS A LA CENTRAL de BOMBEO CHIRA SORIA<\/p>\n","protected":false},"author":2,"featured_media":0,"parent":0,"menu_order":0,"comment_status":"closed","ping_status":"closed","template":"","meta":{"footnotes":""},"class_list":["post-56","page","type-page","status-publish","hentry","entry"],"_links":{"self":[{"href":"https:\/\/www.salvarchirasoria.com\/index.php\/wp-json\/wp\/v2\/pages\/56","targetHints":{"allow":["GET"]}}],"collection":[{"href":"https:\/\/www.salvarchirasoria.com\/index.php\/wp-json\/wp\/v2\/pages"}],"about":[{"href":"https:\/\/www.salvarchirasoria.com\/index.php\/wp-json\/wp\/v2\/types\/page"}],"author":[{"embeddable":true,"href":"https:\/\/www.salvarchirasoria.com\/index.php\/wp-json\/wp\/v2\/users\/2"}],"replies":[{"embeddable":true,"href":"https:\/\/www.salvarchirasoria.com\/index.php\/wp-json\/wp\/v2\/comments?post=56"}],"version-history":[{"count":78,"href":"https:\/\/www.salvarchirasoria.com\/index.php\/wp-json\/wp\/v2\/pages\/56\/revisions"}],"predecessor-version":[{"id":1114,"href":"https:\/\/www.salvarchirasoria.com\/index.php\/wp-json\/wp\/v2\/pages\/56\/revisions\/1114"}],"wp:attachment":[{"href":"https:\/\/www.salvarchirasoria.com\/index.php\/wp-json\/wp\/v2\/media?parent=56"}],"curies":[{"name":"wp","href":"https:\/\/api.w.org\/{rel}","templated":true}]}}